{"id":4312,"date":"2019-11-05T15:58:39","date_gmt":"2019-11-05T14:58:39","guid":{"rendered":"https:\/\/grupoplan.es\/politica-de-privacidad\/"},"modified":"2022-11-04T12:12:29","modified_gmt":"2022-11-04T11:12:29","slug":"privacy-policy-2","status":"publish","type":"page","link":"https:\/\/grupoplan.es\/en\/privacy-policy-2\/","title":{"rendered":"PRIVACY POLICY"},"content":{"rendered":"","protected":false},"excerpt":{"rendered":"","protected":false},"author":3,"featured_media":0,"parent":0,"menu_order":0,"comment_status":"closed","ping_status":"closed","template":"template-legal.php","meta":{"footnotes":""},"acf":[],"yoast_head":"<!-- This site is optimized with the Yoast SEO Premium plugin v19.3 (Yoast SEO v23.0) - https:\/\/yoast.com\/wordpress\/plugins\/seo\/ -->\n<title>PRIVACY POLICY - Grupo Plan<\/title>\n<meta name=\"description\" content=\"Grupo Plan informa a los usuarios del sitio web sobre su pol\u00edtica respecto del tratamiento y protecci\u00f3n de los datos de car\u00e1cter personal de los usuarios que puedan ser recabados por la navegaci\u00f3n o contrataci\u00f3n de servicios a trav\u00e9s de su sitio web.\" \/>\n<meta name=\"robots\" content=\"index, follow, max-snippet:-1, max-image-preview:large, max-video-preview:-1\" \/>\n<link rel=\"canonical\" href=\"https:\/\/grupoplan.es\/en\/privacy-policy-2\/\" \/>\n<meta property=\"og:locale\" content=\"en_US\" \/>\n<meta property=\"og:type\" content=\"article\" \/>\n<meta property=\"og:title\" content=\"PRIVACY POLICY\" \/>\n<meta property=\"og:description\" content=\"Grupo Plan informa a los usuarios del sitio web sobre su pol\u00edtica respecto del tratamiento y protecci\u00f3n de los datos de car\u00e1cter personal de los usuarios que puedan ser recabados por la navegaci\u00f3n o contrataci\u00f3n de servicios a trav\u00e9s de su sitio web.\" \/>\n<meta property=\"og:url\" content=\"https:\/\/grupoplan.es\/en\/privacy-policy-2\/\" \/>\n<meta property=\"og:site_name\" content=\"Grupo Plan\" \/>\n<meta property=\"article:modified_time\" content=\"2022-11-04T11:12:29+00:00\" \/>\n<meta name=\"twitter:card\" content=\"summary_large_image\" \/>\n<script type=\"application\/ld+json\" class=\"yoast-schema-graph\">{\"@context\":\"https:\/\/schema.org\",\"@graph\":[{\"@type\":\"WebPage\",\"@id\":\"https:\/\/grupoplan.es\/en\/privacy-policy-2\/\",\"url\":\"https:\/\/grupoplan.es\/en\/privacy-policy-2\/\",\"name\":\"PRIVACY POLICY - Grupo Plan\",\"isPartOf\":{\"@id\":\"https:\/\/grupoplan.es\/#website\"},\"datePublished\":\"2019-11-05T14:58:39+00:00\",\"dateModified\":\"2022-11-04T11:12:29+00:00\",\"description\":\"Grupo Plan informa a los usuarios del sitio web sobre su pol\u00edtica respecto del tratamiento y protecci\u00f3n de los datos de car\u00e1cter personal de los usuarios que puedan ser recabados por la navegaci\u00f3n o contrataci\u00f3n de servicios a trav\u00e9s de su sitio web.\",\"breadcrumb\":{\"@id\":\"https:\/\/grupoplan.es\/en\/privacy-policy-2\/#breadcrumb\"},\"inLanguage\":\"en-US\",\"potentialAction\":[{\"@type\":\"ReadAction\",\"target\":[\"https:\/\/grupoplan.es\/en\/privacy-policy-2\/\"]}]},{\"@type\":\"BreadcrumbList\",\"@id\":\"https:\/\/grupoplan.es\/en\/privacy-policy-2\/#breadcrumb\",\"itemListElement\":[{\"@type\":\"ListItem\",\"position\":1,\"name\":\"Home\",\"item\":\"https:\/\/grupoplan.es\/en\/\"},{\"@type\":\"ListItem\",\"position\":2,\"name\":\"PRIVACY POLICY\"}]},{\"@type\":\"WebSite\",\"@id\":\"https:\/\/grupoplan.es\/#website\",\"url\":\"https:\/\/grupoplan.es\/\",\"name\":\"Grupo Plan\",\"description\":\"Grupo Plan\",\"publisher\":{\"@id\":\"https:\/\/grupoplan.es\/#organization\"},\"potentialAction\":[{\"@type\":\"SearchAction\",\"target\":{\"@type\":\"EntryPoint\",\"urlTemplate\":\"https:\/\/grupoplan.es\/?s={search_term_string}\"},\"query-input\":\"required name=search_term_string\"}],\"inLanguage\":\"en-US\"},{\"@type\":\"Organization\",\"@id\":\"https:\/\/grupoplan.es\/#organization\",\"name\":\"Grupo Plan\",\"url\":\"https:\/\/grupoplan.es\/\",\"logo\":{\"@type\":\"ImageObject\",\"inLanguage\":\"en-US\",\"@id\":\"https:\/\/grupoplan.es\/#\/schema\/logo\/image\/\",\"url\":\"https:\/\/grupoplan.es\/wp-content\/uploads\/2019\/08\/logoblanco.svg\",\"contentUrl\":\"https:\/\/grupoplan.es\/wp-content\/uploads\/2019\/08\/logoblanco.svg\",\"caption\":\"Grupo Plan\"},\"image\":{\"@id\":\"https:\/\/grupoplan.es\/#\/schema\/logo\/image\/\"}}]}<\/script>\n<!-- \/ Yoast SEO Premium plugin. -->","yoast_head_json":{"title":"PRIVACY POLICY - Grupo Plan","description":"Grupo Plan informa a los usuarios del sitio web sobre su pol\u00edtica respecto del tratamiento y protecci\u00f3n de los datos de car\u00e1cter personal de los usuarios que puedan ser recabados por la navegaci\u00f3n o contrataci\u00f3n de servicios a trav\u00e9s de su sitio web.","robots":{"index":"index","follow":"follow","max-snippet":"max-snippet:-1","max-image-preview":"max-image-preview:large","max-video-preview":"max-video-preview:-1"},"canonical":"https:\/\/grupoplan.es\/en\/privacy-policy-2\/","og_locale":"en_US","og_type":"article","og_title":"PRIVACY POLICY","og_description":"Grupo Plan informa a los usuarios del sitio web sobre su pol\u00edtica respecto del tratamiento y protecci\u00f3n de los datos de car\u00e1cter personal de los usuarios que puedan ser recabados por la navegaci\u00f3n o contrataci\u00f3n de servicios a trav\u00e9s de su sitio web.","og_url":"https:\/\/grupoplan.es\/en\/privacy-policy-2\/","og_site_name":"Grupo Plan","article_modified_time":"2022-11-04T11:12:29+00:00","twitter_card":"summary_large_image","schema":{"@context":"https:\/\/schema.org","@graph":[{"@type":"WebPage","@id":"https:\/\/grupoplan.es\/en\/privacy-policy-2\/","url":"https:\/\/grupoplan.es\/en\/privacy-policy-2\/","name":"PRIVACY POLICY - Grupo Plan","isPartOf":{"@id":"https:\/\/grupoplan.es\/#website"},"datePublished":"2019-11-05T14:58:39+00:00","dateModified":"2022-11-04T11:12:29+00:00","description":"Grupo Plan informa a los usuarios del sitio web sobre su pol\u00edtica respecto del tratamiento y protecci\u00f3n de los datos de car\u00e1cter personal de los usuarios que puedan ser recabados por la navegaci\u00f3n o contrataci\u00f3n de servicios a trav\u00e9s de su sitio web.","breadcrumb":{"@id":"https:\/\/grupoplan.es\/en\/privacy-policy-2\/#breadcrumb"},"inLanguage":"en-US","potentialAction":[{"@type":"ReadAction","target":["https:\/\/grupoplan.es\/en\/privacy-policy-2\/"]}]},{"@type":"BreadcrumbList","@id":"https:\/\/grupoplan.es\/en\/privacy-policy-2\/#breadcrumb","itemListElement":[{"@type":"ListItem","position":1,"name":"Home","item":"https:\/\/grupoplan.es\/en\/"},{"@type":"ListItem","position":2,"name":"PRIVACY POLICY"}]},{"@type":"WebSite","@id":"https:\/\/grupoplan.es\/#website","url":"https:\/\/grupoplan.es\/","name":"Grupo Plan","description":"Grupo Plan","publisher":{"@id":"https:\/\/grupoplan.es\/#organization"},"potentialAction":[{"@type":"SearchAction","target":{"@type":"EntryPoint","urlTemplate":"https:\/\/grupoplan.es\/?s={search_term_string}"},"query-input":"required name=search_term_string"}],"inLanguage":"en-US"},{"@type":"Organization","@id":"https:\/\/grupoplan.es\/#organization","name":"Grupo Plan","url":"https:\/\/grupoplan.es\/","logo":{"@type":"ImageObject","inLanguage":"en-US","@id":"https:\/\/grupoplan.es\/#\/schema\/logo\/image\/","url":"https:\/\/grupoplan.es\/wp-content\/uploads\/2019\/08\/logoblanco.svg","contentUrl":"https:\/\/grupoplan.es\/wp-content\/uploads\/2019\/08\/logoblanco.svg","caption":"Grupo Plan"},"image":{"@id":"https:\/\/grupoplan.es\/#\/schema\/logo\/image\/"}}]}},"_links":{"self":[{"href":"https:\/\/grupoplan.es\/en\/wp-json\/wp\/v2\/pages\/4312"}],"collection":[{"href":"https:\/\/grupoplan.es\/en\/wp-json\/wp\/v2\/pages"}],"about":[{"href":"https:\/\/grupoplan.es\/en\/wp-json\/wp\/v2\/types\/page"}],"author":[{"embeddable":true,"href":"https:\/\/grupoplan.es\/en\/wp-json\/wp\/v2\/users\/3"}],"replies":[{"embeddable":true,"href":"https:\/\/grupoplan.es\/en\/wp-json\/wp\/v2\/comments?post=4312"}],"version-history":[{"count":1,"href":"https:\/\/grupoplan.es\/en\/wp-json\/wp\/v2\/pages\/4312\/revisions"}],"predecessor-version":[{"id":4315,"href":"https:\/\/grupoplan.es\/en\/wp-json\/wp\/v2\/pages\/4312\/revisions\/4315"}],"wp:attachment":[{"href":"https:\/\/grupoplan.es\/en\/wp-json\/wp\/v2\/media?parent=4312"}],"curies":[{"name":"wp","href":"https:\/\/api.w.org\/{rel}","templated":true}]}}