{"id":4533,"date":"2019-09-02T10:27:25","date_gmt":"2019-09-02T08:27:25","guid":{"rendered":"https:\/\/grupoplan.es\/services\/servicio-integral\/"},"modified":"2022-12-19T14:44:17","modified_gmt":"2022-12-19T13:44:17","slug":"integral-service","status":"publish","type":"page","link":"https:\/\/grupoplan.es\/en\/services\/integral-service\/","title":{"rendered":"Integral Service"},"content":{"rendered":"","protected":false},"excerpt":{"rendered":"","protected":false},"author":3,"featured_media":1019,"parent":4324,"menu_order":0,"comment_status":"closed","ping_status":"closed","template":"","meta":{"footnotes":""},"acf":[],"yoast_head":"<!-- This site is optimized with the Yoast SEO Premium plugin v19.3 (Yoast SEO v23.0) - https:\/\/yoast.com\/wordpress\/plugins\/seo\/ -->\n<title>Integral Service - Grupo Plan<\/title>\n<meta name=\"description\" content=\"Ejecuciones de Obra llave en mano dentro del sector Hotelero, Restauraci\u00f3n y Retail, suministro e instalaci\u00f3n llave en mano de todo el Equipamiento del Hotel y Proyectos de Interiorismo y Decoraci\u00f3n.\" \/>\n<meta name=\"robots\" content=\"index, follow, max-snippet:-1, max-image-preview:large, max-video-preview:-1\" \/>\n<link rel=\"canonical\" href=\"https:\/\/grupoplan.es\/en\/services\/integral-service\/\" \/>\n<meta property=\"og:locale\" content=\"en_US\" \/>\n<meta property=\"og:type\" content=\"article\" \/>\n<meta property=\"og:title\" content=\"Integral Service\" \/>\n<meta property=\"og:description\" content=\"Ejecuciones de Obra llave en mano dentro del sector Hotelero, Restauraci\u00f3n y Retail, suministro e instalaci\u00f3n llave en mano de todo el Equipamiento del Hotel y Proyectos de Interiorismo y Decoraci\u00f3n.\" \/>\n<meta property=\"og:url\" content=\"https:\/\/grupoplan.es\/en\/services\/integral-service\/\" \/>\n<meta property=\"og:site_name\" content=\"Grupo Plan\" \/>\n<meta property=\"article:modified_time\" content=\"2022-12-19T13:44:17+00:00\" \/>\n<meta property=\"og:image\" content=\"http:\/\/grupoplan.es\/wp-content\/uploads\/2019\/09\/image005.png\" \/>\n\t<meta property=\"og:image:width\" content=\"1050\" \/>\n\t<meta property=\"og:image:height\" content=\"687\" \/>\n\t<meta property=\"og:image:type\" content=\"image\/png\" \/>\n<meta name=\"twitter:card\" content=\"summary_large_image\" \/>\n<script type=\"application\/ld+json\" class=\"yoast-schema-graph\">{\"@context\":\"https:\/\/schema.org\",\"@graph\":[{\"@type\":\"WebPage\",\"@id\":\"https:\/\/grupoplan.es\/en\/services\/integral-service\/\",\"url\":\"https:\/\/grupoplan.es\/en\/services\/integral-service\/\",\"name\":\"Integral Service - Grupo Plan\",\"isPartOf\":{\"@id\":\"https:\/\/grupoplan.es\/#website\"},\"primaryImageOfPage\":{\"@id\":\"https:\/\/grupoplan.es\/en\/services\/integral-service\/#primaryimage\"},\"image\":{\"@id\":\"https:\/\/grupoplan.es\/en\/services\/integral-service\/#primaryimage\"},\"thumbnailUrl\":\"https:\/\/grupoplan.es\/wp-content\/uploads\/2019\/09\/image005.png\",\"datePublished\":\"2019-09-02T08:27:25+00:00\",\"dateModified\":\"2022-12-19T13:44:17+00:00\",\"description\":\"Ejecuciones de Obra llave en mano dentro del sector Hotelero, Restauraci\u00f3n y Retail, suministro e instalaci\u00f3n llave en mano de todo el Equipamiento del Hotel y Proyectos de Interiorismo y Decoraci\u00f3n.\",\"breadcrumb\":{\"@id\":\"https:\/\/grupoplan.es\/en\/services\/integral-service\/#breadcrumb\"},\"inLanguage\":\"en-US\",\"potentialAction\":[{\"@type\":\"ReadAction\",\"target\":[\"https:\/\/grupoplan.es\/en\/services\/integral-service\/\"]}]},{\"@type\":\"ImageObject\",\"inLanguage\":\"en-US\",\"@id\":\"https:\/\/grupoplan.es\/en\/services\/integral-service\/#primaryimage\",\"url\":\"https:\/\/grupoplan.es\/wp-content\/uploads\/2019\/09\/image005.png\",\"contentUrl\":\"https:\/\/grupoplan.es\/wp-content\/uploads\/2019\/09\/image005.png\",\"width\":1050,\"height\":687},{\"@type\":\"BreadcrumbList\",\"@id\":\"https:\/\/grupoplan.es\/en\/services\/integral-service\/#breadcrumb\",\"itemListElement\":[{\"@type\":\"ListItem\",\"position\":1,\"name\":\"Home\",\"item\":\"https:\/\/grupoplan.es\/en\/\"},{\"@type\":\"ListItem\",\"position\":2,\"name\":\"Services\",\"item\":\"https:\/\/grupoplan.es\/en\/services\/\"},{\"@type\":\"ListItem\",\"position\":3,\"name\":\"Integral Service\"}]},{\"@type\":\"WebSite\",\"@id\":\"https:\/\/grupoplan.es\/#website\",\"url\":\"https:\/\/grupoplan.es\/\",\"name\":\"Grupo Plan\",\"description\":\"Grupo Plan\",\"publisher\":{\"@id\":\"https:\/\/grupoplan.es\/#organization\"},\"potentialAction\":[{\"@type\":\"SearchAction\",\"target\":{\"@type\":\"EntryPoint\",\"urlTemplate\":\"https:\/\/grupoplan.es\/?s={search_term_string}\"},\"query-input\":\"required name=search_term_string\"}],\"inLanguage\":\"en-US\"},{\"@type\":\"Organization\",\"@id\":\"https:\/\/grupoplan.es\/#organization\",\"name\":\"Grupo Plan\",\"url\":\"https:\/\/grupoplan.es\/\",\"logo\":{\"@type\":\"ImageObject\",\"inLanguage\":\"en-US\",\"@id\":\"https:\/\/grupoplan.es\/#\/schema\/logo\/image\/\",\"url\":\"https:\/\/grupoplan.es\/wp-content\/uploads\/2019\/08\/logoblanco.svg\",\"contentUrl\":\"https:\/\/grupoplan.es\/wp-content\/uploads\/2019\/08\/logoblanco.svg\",\"caption\":\"Grupo Plan\"},\"image\":{\"@id\":\"https:\/\/grupoplan.es\/#\/schema\/logo\/image\/\"}}]}<\/script>\n<!-- \/ Yoast SEO Premium plugin. -->","yoast_head_json":{"title":"Integral Service - Grupo Plan","description":"Ejecuciones de Obra llave en mano dentro del sector Hotelero, Restauraci\u00f3n y Retail, suministro e instalaci\u00f3n llave en mano de todo el Equipamiento del Hotel y Proyectos de Interiorismo y Decoraci\u00f3n.","robots":{"index":"index","follow":"follow","max-snippet":"max-snippet:-1","max-image-preview":"max-image-preview:large","max-video-preview":"max-video-preview:-1"},"canonical":"https:\/\/grupoplan.es\/en\/services\/integral-service\/","og_locale":"en_US","og_type":"article","og_title":"Integral Service","og_description":"Ejecuciones de Obra llave en mano dentro del sector Hotelero, Restauraci\u00f3n y Retail, suministro e instalaci\u00f3n llave en mano de todo el Equipamiento del Hotel y Proyectos de Interiorismo y Decoraci\u00f3n.","og_url":"https:\/\/grupoplan.es\/en\/services\/integral-service\/","og_site_name":"Grupo Plan","article_modified_time":"2022-12-19T13:44:17+00:00","og_image":[{"width":1050,"height":687,"url":"http:\/\/grupoplan.es\/wp-content\/uploads\/2019\/09\/image005.png","type":"image\/png"}],"twitter_card":"summary_large_image","schema":{"@context":"https:\/\/schema.org","@graph":[{"@type":"WebPage","@id":"https:\/\/grupoplan.es\/en\/services\/integral-service\/","url":"https:\/\/grupoplan.es\/en\/services\/integral-service\/","name":"Integral Service - Grupo Plan","isPartOf":{"@id":"https:\/\/grupoplan.es\/#website"},"primaryImageOfPage":{"@id":"https:\/\/grupoplan.es\/en\/services\/integral-service\/#primaryimage"},"image":{"@id":"https:\/\/grupoplan.es\/en\/services\/integral-service\/#primaryimage"},"thumbnailUrl":"https:\/\/grupoplan.es\/wp-content\/uploads\/2019\/09\/image005.png","datePublished":"2019-09-02T08:27:25+00:00","dateModified":"2022-12-19T13:44:17+00:00","description":"Ejecuciones de Obra llave en mano dentro del sector Hotelero, Restauraci\u00f3n y Retail, suministro e instalaci\u00f3n llave en mano de todo el Equipamiento del Hotel y Proyectos de Interiorismo y Decoraci\u00f3n.","breadcrumb":{"@id":"https:\/\/grupoplan.es\/en\/services\/integral-service\/#breadcrumb"},"inLanguage":"en-US","potentialAction":[{"@type":"ReadAction","target":["https:\/\/grupoplan.es\/en\/services\/integral-service\/"]}]},{"@type":"ImageObject","inLanguage":"en-US","@id":"https:\/\/grupoplan.es\/en\/services\/integral-service\/#primaryimage","url":"https:\/\/grupoplan.es\/wp-content\/uploads\/2019\/09\/image005.png","contentUrl":"https:\/\/grupoplan.es\/wp-content\/uploads\/2019\/09\/image005.png","width":1050,"height":687},{"@type":"BreadcrumbList","@id":"https:\/\/grupoplan.es\/en\/services\/integral-service\/#breadcrumb","itemListElement":[{"@type":"ListItem","position":1,"name":"Home","item":"https:\/\/grupoplan.es\/en\/"},{"@type":"ListItem","position":2,"name":"Services","item":"https:\/\/grupoplan.es\/en\/services\/"},{"@type":"ListItem","position":3,"name":"Integral Service"}]},{"@type":"WebSite","@id":"https:\/\/grupoplan.es\/#website","url":"https:\/\/grupoplan.es\/","name":"Grupo Plan","description":"Grupo Plan","publisher":{"@id":"https:\/\/grupoplan.es\/#organization"},"potentialAction":[{"@type":"SearchAction","target":{"@type":"EntryPoint","urlTemplate":"https:\/\/grupoplan.es\/?s={search_term_string}"},"query-input":"required name=search_term_string"}],"inLanguage":"en-US"},{"@type":"Organization","@id":"https:\/\/grupoplan.es\/#organization","name":"Grupo Plan","url":"https:\/\/grupoplan.es\/","logo":{"@type":"ImageObject","inLanguage":"en-US","@id":"https:\/\/grupoplan.es\/#\/schema\/logo\/image\/","url":"https:\/\/grupoplan.es\/wp-content\/uploads\/2019\/08\/logoblanco.svg","contentUrl":"https:\/\/grupoplan.es\/wp-content\/uploads\/2019\/08\/logoblanco.svg","caption":"Grupo Plan"},"image":{"@id":"https:\/\/grupoplan.es\/#\/schema\/logo\/image\/"}}]}},"_links":{"self":[{"href":"https:\/\/grupoplan.es\/en\/wp-json\/wp\/v2\/pages\/4533"}],"collection":[{"href":"https:\/\/grupoplan.es\/en\/wp-json\/wp\/v2\/pages"}],"about":[{"href":"https:\/\/grupoplan.es\/en\/wp-json\/wp\/v2\/types\/page"}],"author":[{"embeddable":true,"href":"https:\/\/grupoplan.es\/en\/wp-json\/wp\/v2\/users\/3"}],"replies":[{"embeddable":true,"href":"https:\/\/grupoplan.es\/en\/wp-json\/wp\/v2\/comments?post=4533"}],"version-history":[{"count":4,"href":"https:\/\/grupoplan.es\/en\/wp-json\/wp\/v2\/pages\/4533\/revisions"}],"predecessor-version":[{"id":4565,"href":"https:\/\/grupoplan.es\/en\/wp-json\/wp\/v2\/pages\/4533\/revisions\/4565"}],"up":[{"embeddable":true,"href":"https:\/\/grupoplan.es\/en\/wp-json\/wp\/v2\/pages\/4324"}],"wp:featuredmedia":[{"embeddable":true,"href":"https:\/\/grupoplan.es\/en\/wp-json\/wp\/v2\/media\/1019"}],"wp:attachment":[{"href":"https:\/\/grupoplan.es\/en\/wp-json\/wp\/v2\/media?parent=4533"}],"curies":[{"name":"wp","href":"https:\/\/api.w.org\/{rel}","templated":true}]}}